{"id":36,"date":"2019-10-01T02:10:40","date_gmt":"2019-10-01T00:10:40","guid":{"rendered":"http:\/\/kloster-weihnachten.de\/?page_id=36"},"modified":"2025-10-22T18:37:15","modified_gmt":"2025-10-22T16:37:15","slug":"weihnachtsmarkt-im-kloster-steinfeld","status":"publish","type":"page","link":"https:\/\/kloster-weihnachten.de\/","title":{"rendered":"Weihnachtsmarkt 2025 im Kloster Steinfeld"},"content":{"rendered":"\n<figure class=\"wp-block-image size-large\"><img loading=\"lazy\" decoding=\"async\" width=\"1024\" height=\"1024\" src=\"https:\/\/kloster-weihnachten.de\/wp-content\/uploads\/2025-Kloster-Weihnachten-Steinfeld-Weihnachtsmarkt-1024x1024.jpg\" alt=\"\" class=\"wp-image-108\" srcset=\"https:\/\/kloster-weihnachten.de\/wp-content\/uploads\/2025-Kloster-Weihnachten-Steinfeld-Weihnachtsmarkt-1024x1024.jpg 1024w, https:\/\/kloster-weihnachten.de\/wp-content\/uploads\/2025-Kloster-Weihnachten-Steinfeld-Weihnachtsmarkt-300x300.jpg 300w, https:\/\/kloster-weihnachten.de\/wp-content\/uploads\/2025-Kloster-Weihnachten-Steinfeld-Weihnachtsmarkt-150x150.jpg 150w, https:\/\/kloster-weihnachten.de\/wp-content\/uploads\/2025-Kloster-Weihnachten-Steinfeld-Weihnachtsmarkt-768x768.jpg 768w, https:\/\/kloster-weihnachten.de\/wp-content\/uploads\/2025-Kloster-Weihnachten-Steinfeld-Weihnachtsmarkt-1536x1536.jpg 1536w, https:\/\/kloster-weihnachten.de\/wp-content\/uploads\/2025-Kloster-Weihnachten-Steinfeld-Weihnachtsmarkt-2048x2048.jpg 2048w\" sizes=\"auto, (max-width: 1024px) 100vw, 1024px\" \/><\/figure>\n\n\n\n<div style=\"height:50px\" aria-hidden=\"true\" class=\"wp-block-spacer\"><\/div>\n\n\n\n<h2 class=\"wp-block-heading\">Infos zum Weihnachtsmarkt<\/h2>\n\n\n\n<p>Weihnachtsmarkt im Kloster Steinfeld<\/p>\n\n\n\n<div style=\"height:10px\" aria-hidden=\"true\" class=\"wp-block-spacer\"><\/div>\n\n\n\n<h3 class=\"wp-block-heading\">Adresse <\/h3>\n\n\n\n<p>Hermann-Josef-Str. 4 53925 Kall-Steinfeld<\/p>\n\n\n\n<div style=\"height:10px\" aria-hidden=\"true\" class=\"wp-block-spacer\"><\/div>\n\n\n\n<h3 class=\"wp-block-heading\">Datum<\/h3>\n\n\n\n<p>06.12.2025 &#8211; 07.12.2025<br><\/p>\n\n\n\n<div style=\"height:10px\" aria-hidden=\"true\" class=\"wp-block-spacer\"><\/div>\n\n\n\n<h3 class=\"wp-block-heading\">\u00d6ffnungszeiten<\/h3>\n\n\n\n<p>Samstags: 12:00 Uhr &#8211; 20:00 Uhr<br>Sonntags: 11:00 Uhr &#8211; 18:00 Uhr<\/p>\n\n\n\n<div style=\"height:10px\" aria-hidden=\"true\" class=\"wp-block-spacer\"><\/div>\n\n\n\n<h3 class=\"wp-block-heading\">Warum in Steinfeld?<\/h3>\n\n\n\n<p>Der Weihnachtsmarkt im Kloster Steinfeld in Kall, einer malerischen Region der Eifel, ist ein wahrer Geheimtipp f\u00fcr alle, die in der Adventszeit eine besondere Atmosph\u00e4re suchen. Das Kloster Steinfeld, ein beeindruckendes und historisches Geb\u00e4ude aus dem 12. Jahrhundert, bietet eine einzigartige Kulisse f\u00fcr diesen festlichen Markt.<\/p>\n\n\n\n<p>In den alten Klostermauern und auf dem weitl\u00e4ufigen Gel\u00e4nde erstrecken sich zahlreiche St\u00e4nde, die handgefertigte Produkte, Kunsthandwerk und weihnachtliche Leckereien anbieten. Von handgefertigten Krippenfiguren \u00fcber liebevoll gestaltete Weihnachtsdekorationen bis hin zu kulinarischen Spezialit\u00e4ten aus der Region, wie Gl\u00fchwein und gebrannten Mandeln, ist f\u00fcr jeden etwas dabei.<\/p>\n\n\n\n<p>Besonders stimmungsvoll ist der Weihnachtsmarkt am Abend, wenn das Kloster in festlichem Lichterglanz erstrahlt und ein Hauch von Besinnlichkeit in der Luft liegt. Die Klosterkirche St. Potentinus l\u00e4dt mit Konzerten und adventlicher Musik zu Momenten der Ruhe und des Innehaltens ein. Auch f\u00fcr Kinder gibt es viel zu entdecken, sei es beim Basteln, in der Krippenausstellung oder bei einem Besuch des Nikolaus.<\/p>\n\n\n\n<p>Der Weihnachtsmarkt im Kloster Steinfeld ist nicht nur ein Ort zum Einkaufen, sondern auch ein Ort, an dem man die vorweihnachtliche Zeit in ihrer ganzen Pracht genie\u00dfen kann. Die Verbindung von Tradition, Kultur und besinnlicher Adventsstimmung macht diesen Markt zu einem besonderen Erlebnis f\u00fcr die ganze Familie.<\/p>\n","protected":false},"excerpt":{"rendered":"<p>Infos zum Weihnachtsmarkt Weihnachtsmarkt im Kloster Steinfeld Adresse Hermann-Josef-Str. 4 53925 Kall-Steinfeld Datum 06.12.2025 &#8211; 07.12.2025 \u00d6ffnungszeiten Samstags: 12:00 Uhr &#8211; 20:00 UhrSonntags: 11:00 Uhr &#8211; 18:00 Uhr Warum in Steinfeld? Der Weihnachtsmarkt im Kloster Steinfeld in Kall, einer malerischen Region der Eifel, ist ein wahrer Geheimtipp f\u00fcr alle, die in der Adventszeit eine besondere [&hellip;]<\/p>\n","protected":false},"author":1,"featured_media":0,"parent":0,"menu_order":0,"comment_status":"closed","ping_status":"closed","template":"","meta":{"footnotes":""},"class_list":["post-36","page","type-page","status-publish","hentry"],"yoast_head":"<!-- This site is optimized with the Yoast SEO plugin v26.2 - https:\/\/yoast.com\/wordpress\/plugins\/seo\/ -->\n<title>Weihnachtsmarkt 2025 im Kloster Steinfeld - Kloster Steinfeld<\/title>\n<meta name=\"description\" content=\"Weihnachtsmarkt 2025 Kloster Steinfeld Kall in der Eifel. Kreatives, Herzhaftes, Gebackenes, Dekoratives, Gl\u00fchwein, Schmuck, Kerzen\" \/>\n<meta name=\"robots\" content=\"index, follow, max-snippet:-1, max-image-preview:large, max-video-preview:-1\" \/>\n<link rel=\"canonical\" href=\"https:\/\/kloster-weihnachten.de\/\" \/>\n<meta property=\"og:locale\" content=\"de_DE\" \/>\n<meta property=\"og:type\" content=\"article\" \/>\n<meta property=\"og:title\" content=\"Weihnachtsmarkt 2025 im Kloster Steinfeld - Kloster Steinfeld\" \/>\n<meta property=\"og:description\" content=\"Weihnachtsmarkt 2025 Kloster Steinfeld Kall in der Eifel. Kreatives, Herzhaftes, Gebackenes, Dekoratives, Gl\u00fchwein, Schmuck, Kerzen\" \/>\n<meta property=\"og:url\" content=\"https:\/\/kloster-weihnachten.de\/\" \/>\n<meta property=\"og:site_name\" content=\"Kloster Steinfeld\" \/>\n<meta property=\"article:modified_time\" content=\"2025-10-22T16:37:15+00:00\" \/>\n<meta property=\"og:image\" content=\"https:\/\/kloster-weihnachten.de\/wp-content\/uploads\/2025-Kloster-Weihnachten-Steinfeld-Weihnachtsmarkt-1024x1024.jpg\" \/>\n<meta name=\"twitter:card\" content=\"summary_large_image\" \/>\n<meta name=\"twitter:label1\" content=\"Gesch\u00e4tzte Lesezeit\" \/>\n\t<meta name=\"twitter:data1\" content=\"2\u00a0Minuten\" \/>\n<script type=\"application\/ld+json\" class=\"yoast-schema-graph\">{\"@context\":\"https:\/\/schema.org\",\"@graph\":[{\"@type\":\"WebPage\",\"@id\":\"https:\/\/kloster-weihnachten.de\/\",\"url\":\"https:\/\/kloster-weihnachten.de\/\",\"name\":\"Weihnachtsmarkt 2025 im Kloster Steinfeld - Kloster Steinfeld\",\"isPartOf\":{\"@id\":\"https:\/\/kloster-weihnachten.de\/#website\"},\"primaryImageOfPage\":{\"@id\":\"https:\/\/kloster-weihnachten.de\/#primaryimage\"},\"image\":{\"@id\":\"https:\/\/kloster-weihnachten.de\/#primaryimage\"},\"thumbnailUrl\":\"https:\/\/kloster-weihnachten.de\/wp-content\/uploads\/2025-Kloster-Weihnachten-Steinfeld-Weihnachtsmarkt-1024x1024.jpg\",\"datePublished\":\"2019-10-01T00:10:40+00:00\",\"dateModified\":\"2025-10-22T16:37:15+00:00\",\"description\":\"Weihnachtsmarkt 2025 Kloster Steinfeld Kall in der Eifel. Kreatives, Herzhaftes, Gebackenes, Dekoratives, Gl\u00fchwein, Schmuck, Kerzen\",\"breadcrumb\":{\"@id\":\"https:\/\/kloster-weihnachten.de\/#breadcrumb\"},\"inLanguage\":\"de\",\"potentialAction\":[{\"@type\":\"ReadAction\",\"target\":[\"https:\/\/kloster-weihnachten.de\/\"]}]},{\"@type\":\"ImageObject\",\"inLanguage\":\"de\",\"@id\":\"https:\/\/kloster-weihnachten.de\/#primaryimage\",\"url\":\"https:\/\/kloster-weihnachten.de\/wp-content\/uploads\/2025-Kloster-Weihnachten-Steinfeld-Weihnachtsmarkt.jpg\",\"contentUrl\":\"https:\/\/kloster-weihnachten.de\/wp-content\/uploads\/2025-Kloster-Weihnachten-Steinfeld-Weihnachtsmarkt.jpg\",\"width\":2268,\"height\":2268},{\"@type\":\"BreadcrumbList\",\"@id\":\"https:\/\/kloster-weihnachten.de\/#breadcrumb\",\"itemListElement\":[{\"@type\":\"ListItem\",\"position\":1,\"name\":\"Startseite\",\"item\":\"https:\/\/kloster-weihnachten.de\/\"},{\"@type\":\"ListItem\",\"position\":2,\"name\":\"Weihnachtsmarkt 2025 im Kloster Steinfeld\"}]},{\"@type\":\"WebSite\",\"@id\":\"https:\/\/kloster-weihnachten.de\/#website\",\"url\":\"https:\/\/kloster-weihnachten.de\/\",\"name\":\"Kloster Steinfeld\",\"description\":\"Weihnachtsmarkt\",\"publisher\":{\"@id\":\"https:\/\/kloster-weihnachten.de\/#organization\"},\"potentialAction\":[{\"@type\":\"SearchAction\",\"target\":{\"@type\":\"EntryPoint\",\"urlTemplate\":\"https:\/\/kloster-weihnachten.de\/?s={search_term_string}\"},\"query-input\":{\"@type\":\"PropertyValueSpecification\",\"valueRequired\":true,\"valueName\":\"search_term_string\"}}],\"inLanguage\":\"de\"},{\"@type\":\"Organization\",\"@id\":\"https:\/\/kloster-weihnachten.de\/#organization\",\"name\":\"Kloster Steinfeld\",\"url\":\"https:\/\/kloster-weihnachten.de\/\",\"logo\":{\"@type\":\"ImageObject\",\"inLanguage\":\"de\",\"@id\":\"https:\/\/kloster-weihnachten.de\/#\/schema\/logo\/image\/\",\"url\":\"http:\/\/kloster-weihnachten.de\/wp-content\/uploads\/logo.png\",\"contentUrl\":\"http:\/\/kloster-weihnachten.de\/wp-content\/uploads\/logo.png\",\"width\":110,\"height\":117,\"caption\":\"Kloster Steinfeld\"},\"image\":{\"@id\":\"https:\/\/kloster-weihnachten.de\/#\/schema\/logo\/image\/\"},\"sameAs\":[\"https:\/\/de.wikipedia.org\/wiki\/Kloster_Steinfeld\"]}]}<\/script>\n<!-- \/ Yoast SEO plugin. -->","yoast_head_json":{"title":"Weihnachtsmarkt 2025 im Kloster Steinfeld - Kloster Steinfeld","description":"Weihnachtsmarkt 2025 Kloster Steinfeld Kall in der Eifel. Kreatives, Herzhaftes, Gebackenes, Dekoratives, Gl\u00fchwein, Schmuck, Kerzen","robots":{"index":"index","follow":"follow","max-snippet":"max-snippet:-1","max-image-preview":"max-image-preview:large","max-video-preview":"max-video-preview:-1"},"canonical":"https:\/\/kloster-weihnachten.de\/","og_locale":"de_DE","og_type":"article","og_title":"Weihnachtsmarkt 2025 im Kloster Steinfeld - Kloster Steinfeld","og_description":"Weihnachtsmarkt 2025 Kloster Steinfeld Kall in der Eifel. Kreatives, Herzhaftes, Gebackenes, Dekoratives, Gl\u00fchwein, Schmuck, Kerzen","og_url":"https:\/\/kloster-weihnachten.de\/","og_site_name":"Kloster Steinfeld","article_modified_time":"2025-10-22T16:37:15+00:00","og_image":[{"url":"https:\/\/kloster-weihnachten.de\/wp-content\/uploads\/2025-Kloster-Weihnachten-Steinfeld-Weihnachtsmarkt-1024x1024.jpg","type":"","width":"","height":""}],"twitter_card":"summary_large_image","twitter_misc":{"Gesch\u00e4tzte Lesezeit":"2\u00a0Minuten"},"schema":{"@context":"https:\/\/schema.org","@graph":[{"@type":"WebPage","@id":"https:\/\/kloster-weihnachten.de\/","url":"https:\/\/kloster-weihnachten.de\/","name":"Weihnachtsmarkt 2025 im Kloster Steinfeld - Kloster Steinfeld","isPartOf":{"@id":"https:\/\/kloster-weihnachten.de\/#website"},"primaryImageOfPage":{"@id":"https:\/\/kloster-weihnachten.de\/#primaryimage"},"image":{"@id":"https:\/\/kloster-weihnachten.de\/#primaryimage"},"thumbnailUrl":"https:\/\/kloster-weihnachten.de\/wp-content\/uploads\/2025-Kloster-Weihnachten-Steinfeld-Weihnachtsmarkt-1024x1024.jpg","datePublished":"2019-10-01T00:10:40+00:00","dateModified":"2025-10-22T16:37:15+00:00","description":"Weihnachtsmarkt 2025 Kloster Steinfeld Kall in der Eifel. Kreatives, Herzhaftes, Gebackenes, Dekoratives, Gl\u00fchwein, Schmuck, Kerzen","breadcrumb":{"@id":"https:\/\/kloster-weihnachten.de\/#breadcrumb"},"inLanguage":"de","potentialAction":[{"@type":"ReadAction","target":["https:\/\/kloster-weihnachten.de\/"]}]},{"@type":"ImageObject","inLanguage":"de","@id":"https:\/\/kloster-weihnachten.de\/#primaryimage","url":"https:\/\/kloster-weihnachten.de\/wp-content\/uploads\/2025-Kloster-Weihnachten-Steinfeld-Weihnachtsmarkt.jpg","contentUrl":"https:\/\/kloster-weihnachten.de\/wp-content\/uploads\/2025-Kloster-Weihnachten-Steinfeld-Weihnachtsmarkt.jpg","width":2268,"height":2268},{"@type":"BreadcrumbList","@id":"https:\/\/kloster-weihnachten.de\/#breadcrumb","itemListElement":[{"@type":"ListItem","position":1,"name":"Startseite","item":"https:\/\/kloster-weihnachten.de\/"},{"@type":"ListItem","position":2,"name":"Weihnachtsmarkt 2025 im Kloster Steinfeld"}]},{"@type":"WebSite","@id":"https:\/\/kloster-weihnachten.de\/#website","url":"https:\/\/kloster-weihnachten.de\/","name":"Kloster Steinfeld","description":"Weihnachtsmarkt","publisher":{"@id":"https:\/\/kloster-weihnachten.de\/#organization"},"potentialAction":[{"@type":"SearchAction","target":{"@type":"EntryPoint","urlTemplate":"https:\/\/kloster-weihnachten.de\/?s={search_term_string}"},"query-input":{"@type":"PropertyValueSpecification","valueRequired":true,"valueName":"search_term_string"}}],"inLanguage":"de"},{"@type":"Organization","@id":"https:\/\/kloster-weihnachten.de\/#organization","name":"Kloster Steinfeld","url":"https:\/\/kloster-weihnachten.de\/","logo":{"@type":"ImageObject","inLanguage":"de","@id":"https:\/\/kloster-weihnachten.de\/#\/schema\/logo\/image\/","url":"http:\/\/kloster-weihnachten.de\/wp-content\/uploads\/logo.png","contentUrl":"http:\/\/kloster-weihnachten.de\/wp-content\/uploads\/logo.png","width":110,"height":117,"caption":"Kloster Steinfeld"},"image":{"@id":"https:\/\/kloster-weihnachten.de\/#\/schema\/logo\/image\/"},"sameAs":["https:\/\/de.wikipedia.org\/wiki\/Kloster_Steinfeld"]}]}},"_links":{"self":[{"href":"https:\/\/kloster-weihnachten.de\/index.php\/wp-json\/wp\/v2\/pages\/36","targetHints":{"allow":["GET"]}}],"collection":[{"href":"https:\/\/kloster-weihnachten.de\/index.php\/wp-json\/wp\/v2\/pages"}],"about":[{"href":"https:\/\/kloster-weihnachten.de\/index.php\/wp-json\/wp\/v2\/types\/page"}],"author":[{"embeddable":true,"href":"https:\/\/kloster-weihnachten.de\/index.php\/wp-json\/wp\/v2\/users\/1"}],"replies":[{"embeddable":true,"href":"https:\/\/kloster-weihnachten.de\/index.php\/wp-json\/wp\/v2\/comments?post=36"}],"version-history":[{"count":22,"href":"https:\/\/kloster-weihnachten.de\/index.php\/wp-json\/wp\/v2\/pages\/36\/revisions"}],"predecessor-version":[{"id":116,"href":"https:\/\/kloster-weihnachten.de\/index.php\/wp-json\/wp\/v2\/pages\/36\/revisions\/116"}],"wp:attachment":[{"href":"https:\/\/kloster-weihnachten.de\/index.php\/wp-json\/wp\/v2\/media?parent=36"}],"curies":[{"name":"wp","href":"https:\/\/api.w.org\/{rel}","templated":true}]}}